{"id":218,"date":"2024-03-03T23:10:07","date_gmt":"2024-03-03T22:10:07","guid":{"rendered":"https:\/\/zjazd24.lo-siemiatycze.edu.pl\/?page_id=218"},"modified":"2024-03-03T23:13:19","modified_gmt":"2024-03-03T22:13:19","slug":"ochrona-danych-osobowych","status":"publish","type":"page","link":"http:\/\/zjazd24.lo-siemiatycze.edu.pl\/?page_id=218","title":{"rendered":"Ochrona danych osobowych"},"content":{"rendered":"\n<p>Zgodnie z art. 13 Rozporz\u0105dzenia Parlamentu Europejskiego i Rady (UE) 2016\/679&nbsp;&nbsp; z dnia 27 kwietnia 2016 r. w sprawie ochrony os\u00f3b fizycznych w zwi\u0105zku z przetwarzaniem danych osobowych i w sprawie swobodnego przep\u0142ywu takich danych oraz uchylenia dyrektywy 95\/46\/WE &nbsp;(<em>4.5.2016 L 119\/38 Dziennik Urz\u0119dowy Unii Europejskiej PL)&nbsp;<\/em><em>&nbsp;&nbsp;&nbsp;<\/em><\/p>\n\n\n\n<p><strong>informuj\u0119, \u017ce<\/strong>:<\/p>\n\n\n\n<ol class=\"wp-block-list\">\n<li>Administratorem Pani\/Pana danych osobowych jest Dyrektor Zespo\u0142u Szk\u00f3\u0142 z siedzib\u0105 w Siemiatyczach przy ul. Tadeusza Ko\u015bciuszki 43, tel.: 85&nbsp;655 25 62, e-mail:&nbsp;<a href=\"mailto:sekretariat@lo-siemiatycze.edu.pl\">sekretariat@lo-siemiatycze.edu.pl<\/a>&nbsp;<\/li>\n\n\n\n<li>Kontakt z Inspektorem Ochrony Danych w Zespole Szk\u00f3\u0142 w Siemiatyczach mo\u017cliwy jest pod numerem tel. nr. &#8211; lub adresem email (adres email):&nbsp;<a href=\"mailto:iod@ecrklex.pl\">iod@ecrklex.pl<\/a><\/li>\n\n\n\n<li>Dane osobowe Pana\/Pani b\u0119d\u0105 przetwarzane na podstawie art. 6 ust. 1 lit. c og\u00f3lnego rozporz\u0105dzenie j\/w o ochronie danych w zwi\u0105zku z organizacj\u0105 XII Zjazdu Absolwent\u00f3w i Wychowank\u00f3w Liceum Og\u00f3lnokszta\u0142c\u0105cego, Liceum Handlowego i Technikum w Siemiatyczach.<\/li>\n\n\n\n<li>Pana\/Pani dane osobowe przechowywane przez okres okre\u015blony przepisami prawa.<\/li>\n\n\n\n<li>Posiada Pan\/i prawo do: \u017c\u0105dania od administratora dost\u0119pu do danych osobowych, prawo do ich sprostowania, usuni\u0119cia lub ograniczenia przetwarzania.<\/li>\n\n\n\n<li>Przys\u0142uguje Panu\/ Pani prawo wniesienia skargi do organu nadzorczego, tj. Prezesa Urz\u0119du Ochrony Danych.<\/li>\n\n\n\n<li>Podanie danych osobowych jest dobrowolne, jednak niezb\u0119dne do udzia\u0142u w XII Zje\u017adzie Absolwent\u00f3w i Wychowank\u00f3w Liceum Og\u00f3lnokszta\u0142c\u0105cego, Liceum Handlowego i Technikum w Siemiatyczach.<\/li>\n<\/ol>\n","protected":false},"excerpt":{"rendered":"<p>Zgodnie z art. 13 Rozporz\u0105dzenia Parlamentu Europejskiego i Rady (UE) 2016\/679&nbsp;&nbsp; z dnia 27 kwietnia 2016 r. w sprawie ochrony os\u00f3b fizycznych w zwi\u0105zku z przetwarzaniem danych osobowych i w sprawie swobodnego przep\u0142ywu takich danych oraz uchylenia dyrektywy 95\/46\/WE &nbsp;(4.5.2016 L 119\/38 Dziennik Urz\u0119dowy Unii Europejskiej PL)&nbsp;&nbsp;&nbsp;&nbsp; informuj\u0119, \u017ce:<\/p>\n","protected":false},"author":1,"featured_media":0,"parent":0,"menu_order":0,"comment_status":"closed","ping_status":"closed","template":"","meta":{"site-container-style":"default","site-container-layout":"default","site-sidebar-layout":"default","site-transparent-header":"default","prose-style":"enable","disable-article-header":"default","disable-site-header":"default","disable-site-footer":"default","disable-content-area-spacing":"default","footnotes":""},"class_list":["post-218","page","type-page","status-publish","hentry"],"yoast_head":"<!-- This site is optimized with the Yoast SEO plugin v21.5 - https:\/\/yoast.com\/wordpress\/plugins\/seo\/ -->\n<title>Ochrona danych osobowych - XII Zjazd Absolwent\u00f3w i Wychowank\u00f3w Liceum Og\u00f3lnokszta\u0142c\u0105cego, Liceum Handlowego i Technikum w Siemiatyczach<\/title>\n<meta name=\"robots\" content=\"index, follow, max-snippet:-1, max-image-preview:large, max-video-preview:-1\" \/>\n<link rel=\"canonical\" href=\"http:\/\/zjazd24.lo-siemiatycze.edu.pl\/?page_id=218\" \/>\n<meta property=\"og:locale\" content=\"pl_PL\" \/>\n<meta property=\"og:type\" content=\"article\" \/>\n<meta property=\"og:title\" content=\"Ochrona danych osobowych - XII Zjazd Absolwent\u00f3w i Wychowank\u00f3w Liceum Og\u00f3lnokszta\u0142c\u0105cego, Liceum Handlowego i Technikum w Siemiatyczach\" \/>\n<meta property=\"og:description\" content=\"Zgodnie z art. 13 Rozporz\u0105dzenia Parlamentu Europejskiego i Rady (UE) 2016\/679&nbsp;&nbsp; z dnia 27 kwietnia 2016 r. w sprawie ochrony os\u00f3b fizycznych w zwi\u0105zku z przetwarzaniem danych osobowych i w sprawie swobodnego przep\u0142ywu takich danych oraz uchylenia dyrektywy 95\/46\/WE &nbsp;(4.5.2016 L 119\/38 Dziennik Urz\u0119dowy Unii Europejskiej PL)&nbsp;&nbsp;&nbsp;&nbsp; informuj\u0119, \u017ce:\" \/>\n<meta property=\"og:url\" content=\"http:\/\/zjazd24.lo-siemiatycze.edu.pl\/?page_id=218\" \/>\n<meta property=\"og:site_name\" content=\"XII Zjazd Absolwent\u00f3w i Wychowank\u00f3w Liceum Og\u00f3lnokszta\u0142c\u0105cego, Liceum Handlowego i Technikum w Siemiatyczach\" \/>\n<meta property=\"article:modified_time\" content=\"2024-03-03T22:13:19+00:00\" \/>\n<meta name=\"twitter:card\" content=\"summary_large_image\" \/>\n<meta name=\"twitter:label1\" content=\"Szacowany czas czytania\" \/>\n\t<meta name=\"twitter:data1\" content=\"2 minuty\" \/>\n<script type=\"application\/ld+json\" class=\"yoast-schema-graph\">{\"@context\":\"https:\/\/schema.org\",\"@graph\":[{\"@type\":\"WebPage\",\"@id\":\"http:\/\/zjazd24.lo-siemiatycze.edu.pl\/?page_id=218\",\"url\":\"http:\/\/zjazd24.lo-siemiatycze.edu.pl\/?page_id=218\",\"name\":\"Ochrona danych osobowych - XII Zjazd Absolwent\u00f3w i Wychowank\u00f3w Liceum Og\u00f3lnokszta\u0142c\u0105cego, Liceum Handlowego i Technikum w Siemiatyczach\",\"isPartOf\":{\"@id\":\"http:\/\/zjazd24.lo-siemiatycze.edu.pl\/#website\"},\"datePublished\":\"2024-03-03T22:10:07+00:00\",\"dateModified\":\"2024-03-03T22:13:19+00:00\",\"breadcrumb\":{\"@id\":\"http:\/\/zjazd24.lo-siemiatycze.edu.pl\/?page_id=218#breadcrumb\"},\"inLanguage\":\"pl-PL\",\"potentialAction\":[{\"@type\":\"ReadAction\",\"target\":[\"http:\/\/zjazd24.lo-siemiatycze.edu.pl\/?page_id=218\"]}]},{\"@type\":\"BreadcrumbList\",\"@id\":\"http:\/\/zjazd24.lo-siemiatycze.edu.pl\/?page_id=218#breadcrumb\",\"itemListElement\":[{\"@type\":\"ListItem\",\"position\":1,\"name\":\"Home\",\"item\":\"http:\/\/zjazd24.lo-siemiatycze.edu.pl\/\"},{\"@type\":\"ListItem\",\"position\":2,\"name\":\"Ochrona danych osobowych\"}]},{\"@type\":\"WebSite\",\"@id\":\"http:\/\/zjazd24.lo-siemiatycze.edu.pl\/#website\",\"url\":\"http:\/\/zjazd24.lo-siemiatycze.edu.pl\/\",\"name\":\"XII Zjazd Absolwent\u00f3w i Wychowank\u00f3w Liceum Og\u00f3lnokszta\u0142c\u0105cego, Liceum Handlowego i Technikum w Siemiatyczach\",\"description\":\"\",\"potentialAction\":[{\"@type\":\"SearchAction\",\"target\":{\"@type\":\"EntryPoint\",\"urlTemplate\":\"http:\/\/zjazd24.lo-siemiatycze.edu.pl\/?s={search_term_string}\"},\"query-input\":\"required name=search_term_string\"}],\"inLanguage\":\"pl-PL\"}]}<\/script>\n<!-- \/ Yoast SEO plugin. -->","yoast_head_json":{"title":"Ochrona danych osobowych - XII Zjazd Absolwent\u00f3w i Wychowank\u00f3w Liceum Og\u00f3lnokszta\u0142c\u0105cego, Liceum Handlowego i Technikum w Siemiatyczach","robots":{"index":"index","follow":"follow","max-snippet":"max-snippet:-1","max-image-preview":"max-image-preview:large","max-video-preview":"max-video-preview:-1"},"canonical":"http:\/\/zjazd24.lo-siemiatycze.edu.pl\/?page_id=218","og_locale":"pl_PL","og_type":"article","og_title":"Ochrona danych osobowych - XII Zjazd Absolwent\u00f3w i Wychowank\u00f3w Liceum Og\u00f3lnokszta\u0142c\u0105cego, Liceum Handlowego i Technikum w Siemiatyczach","og_description":"Zgodnie z art. 13 Rozporz\u0105dzenia Parlamentu Europejskiego i Rady (UE) 2016\/679&nbsp;&nbsp; z dnia 27 kwietnia 2016 r. w sprawie ochrony os\u00f3b fizycznych w zwi\u0105zku z przetwarzaniem danych osobowych i w sprawie swobodnego przep\u0142ywu takich danych oraz uchylenia dyrektywy 95\/46\/WE &nbsp;(4.5.2016 L 119\/38 Dziennik Urz\u0119dowy Unii Europejskiej PL)&nbsp;&nbsp;&nbsp;&nbsp; informuj\u0119, \u017ce:","og_url":"http:\/\/zjazd24.lo-siemiatycze.edu.pl\/?page_id=218","og_site_name":"XII Zjazd Absolwent\u00f3w i Wychowank\u00f3w Liceum Og\u00f3lnokszta\u0142c\u0105cego, Liceum Handlowego i Technikum w Siemiatyczach","article_modified_time":"2024-03-03T22:13:19+00:00","twitter_card":"summary_large_image","twitter_misc":{"Szacowany czas czytania":"2 minuty"},"schema":{"@context":"https:\/\/schema.org","@graph":[{"@type":"WebPage","@id":"http:\/\/zjazd24.lo-siemiatycze.edu.pl\/?page_id=218","url":"http:\/\/zjazd24.lo-siemiatycze.edu.pl\/?page_id=218","name":"Ochrona danych osobowych - XII Zjazd Absolwent\u00f3w i Wychowank\u00f3w Liceum Og\u00f3lnokszta\u0142c\u0105cego, Liceum Handlowego i Technikum w Siemiatyczach","isPartOf":{"@id":"http:\/\/zjazd24.lo-siemiatycze.edu.pl\/#website"},"datePublished":"2024-03-03T22:10:07+00:00","dateModified":"2024-03-03T22:13:19+00:00","breadcrumb":{"@id":"http:\/\/zjazd24.lo-siemiatycze.edu.pl\/?page_id=218#breadcrumb"},"inLanguage":"pl-PL","potentialAction":[{"@type":"ReadAction","target":["http:\/\/zjazd24.lo-siemiatycze.edu.pl\/?page_id=218"]}]},{"@type":"BreadcrumbList","@id":"http:\/\/zjazd24.lo-siemiatycze.edu.pl\/?page_id=218#breadcrumb","itemListElement":[{"@type":"ListItem","position":1,"name":"Home","item":"http:\/\/zjazd24.lo-siemiatycze.edu.pl\/"},{"@type":"ListItem","position":2,"name":"Ochrona danych osobowych"}]},{"@type":"WebSite","@id":"http:\/\/zjazd24.lo-siemiatycze.edu.pl\/#website","url":"http:\/\/zjazd24.lo-siemiatycze.edu.pl\/","name":"XII Zjazd Absolwent\u00f3w i Wychowank\u00f3w Liceum Og\u00f3lnokszta\u0142c\u0105cego, Liceum Handlowego i Technikum w Siemiatyczach","description":"","potentialAction":[{"@type":"SearchAction","target":{"@type":"EntryPoint","urlTemplate":"http:\/\/zjazd24.lo-siemiatycze.edu.pl\/?s={search_term_string}"},"query-input":"required name=search_term_string"}],"inLanguage":"pl-PL"}]}},"_links":{"self":[{"href":"http:\/\/zjazd24.lo-siemiatycze.edu.pl\/index.php?rest_route=\/wp\/v2\/pages\/218","targetHints":{"allow":["GET"]}}],"collection":[{"href":"http:\/\/zjazd24.lo-siemiatycze.edu.pl\/index.php?rest_route=\/wp\/v2\/pages"}],"about":[{"href":"http:\/\/zjazd24.lo-siemiatycze.edu.pl\/index.php?rest_route=\/wp\/v2\/types\/page"}],"author":[{"embeddable":true,"href":"http:\/\/zjazd24.lo-siemiatycze.edu.pl\/index.php?rest_route=\/wp\/v2\/users\/1"}],"replies":[{"embeddable":true,"href":"http:\/\/zjazd24.lo-siemiatycze.edu.pl\/index.php?rest_route=%2Fwp%2Fv2%2Fcomments&post=218"}],"version-history":[{"count":2,"href":"http:\/\/zjazd24.lo-siemiatycze.edu.pl\/index.php?rest_route=\/wp\/v2\/pages\/218\/revisions"}],"predecessor-version":[{"id":227,"href":"http:\/\/zjazd24.lo-siemiatycze.edu.pl\/index.php?rest_route=\/wp\/v2\/pages\/218\/revisions\/227"}],"wp:attachment":[{"href":"http:\/\/zjazd24.lo-siemiatycze.edu.pl\/index.php?rest_route=%2Fwp%2Fv2%2Fmedia&parent=218"}],"curies":[{"name":"wp","href":"https:\/\/api.w.org\/{rel}","templated":true}]}}