{"id":20,"date":"2024-02-18T12:52:14","date_gmt":"2024-02-18T11:52:14","guid":{"rendered":"https:\/\/zjazd24.lo-siemiatycze.edu.pl\/?page_id=20"},"modified":"2024-03-07T20:28:40","modified_gmt":"2024-03-07T19:28:40","slug":"blog","status":"publish","type":"page","link":"http:\/\/zjazd24.lo-siemiatycze.edu.pl\/?page_id=20","title":{"rendered":"Zarejestruj si\u0119"},"content":{"rendered":"<p>Pola oznaczone * s\u0105 obowi\u0105zkowe.<\/p>\n<div class=\"wpforms-container wpforms-container-full wpforms-render-modern\" id=\"wpforms-132\"><form id=\"wpforms-form-132\" class=\"wpforms-validate wpforms-form wpforms-ajax-form\" data-formid=\"132\" method=\"post\" enctype=\"multipart\/form-data\" action=\"\/index.php?rest_route=%2Fwp%2Fv2%2Fpages%2F20\" data-token=\"39d0c6e7744104177bfe1c8342eaeb12\"><noscript class=\"wpforms-error-noscript\">Aby wype\u0142ni\u0107 ten formularz, w\u0142\u0105cz obs\u0142ug\u0119 JavaScript w przegl\u0105darce.<\/noscript><div class=\"wpforms-hidden\" id=\"wpforms-error-noscript\">Aby wype\u0142ni\u0107 ten formularz, w\u0142\u0105cz obs\u0142ug\u0119 JavaScript w przegl\u0105darce.<\/div><div class=\"wpforms-field-container\"><div id=\"wpforms-132-field_4-container\" class=\"wpforms-field wpforms-field-text\" data-field-id=\"4\"><label class=\"wpforms-field-label\" for=\"wpforms-132-field_4\">Imi\u0119 <span class=\"wpforms-required-label\" aria-hidden=\"true\">*<\/span><\/label><input type=\"text\" id=\"wpforms-132-field_4\" class=\"wpforms-field-small wpforms-field-required\" name=\"wpforms[fields][4]\" aria-errormessage=\"wpforms-132-field_4-error\" required><\/div><div id=\"wpforms-132-field_3-container\" class=\"wpforms-field wpforms-field-text\" data-field-id=\"3\"><label class=\"wpforms-field-label\" for=\"wpforms-132-field_3\">Nazwisko <span class=\"wpforms-required-label\" aria-hidden=\"true\">*<\/span><\/label><input type=\"text\" id=\"wpforms-132-field_3\" class=\"wpforms-field-small wpforms-field-required\" name=\"wpforms[fields][3]\" aria-errormessage=\"wpforms-132-field_3-error\" required><\/div><div id=\"wpforms-132-field_5-container\" class=\"wpforms-field wpforms-field-text\" data-field-id=\"5\"><label class=\"wpforms-field-label\" for=\"wpforms-132-field_5\">Nazwisko rodowe<\/label><input type=\"text\" id=\"wpforms-132-field_5\" class=\"wpforms-field-small\" name=\"wpforms[fields][5]\" aria-errormessage=\"wpforms-132-field_5-error\" ><\/div><div id=\"wpforms-132-field_6-container\" class=\"wpforms-field wpforms-field-text\" data-field-id=\"6\"><label class=\"wpforms-field-label\" for=\"wpforms-132-field_6\">Rok uko\u0144czenia szko\u0142y <span class=\"wpforms-required-label\" aria-hidden=\"true\">*<\/span><\/label><input type=\"text\" id=\"wpforms-132-field_6\" class=\"wpforms-field-small wpforms-field-required\" name=\"wpforms[fields][6]\" aria-errormessage=\"wpforms-132-field_6-error\" required><\/div><div id=\"wpforms-132-field_7-container\" class=\"wpforms-field wpforms-field-text\" data-field-id=\"7\"><label class=\"wpforms-field-label\" for=\"wpforms-132-field_7\">Telefon kontaktowy <span class=\"wpforms-required-label\" aria-hidden=\"true\">*<\/span><\/label><input type=\"text\" id=\"wpforms-132-field_7\" class=\"wpforms-field-small wpforms-field-required\" name=\"wpforms[fields][7]\" aria-errormessage=\"wpforms-132-field_7-error\" required><\/div><div id=\"wpforms-132-field_8-container\" class=\"wpforms-field wpforms-field-text\" data-field-id=\"8\"><label class=\"wpforms-field-label\" for=\"wpforms-132-field_8\">Adres<\/label><input type=\"text\" id=\"wpforms-132-field_8\" class=\"wpforms-field-small\" name=\"wpforms[fields][8]\" aria-errormessage=\"wpforms-132-field_8-error\" ><\/div><div id=\"wpforms-132-field_9-container\" class=\"wpforms-field wpforms-field-email\" data-field-id=\"9\"><label class=\"wpforms-field-label\" for=\"wpforms-132-field_9\">Adres e-mail<\/label><input type=\"email\" id=\"wpforms-132-field_9\" class=\"wpforms-field-medium\" name=\"wpforms[fields][9]\" spellcheck=\"false\" aria-errormessage=\"wpforms-132-field_9-error\" ><\/div><div id=\"wpforms-132-field_10-container\" class=\"wpforms-field wpforms-field-radio\" data-field-id=\"10\"><fieldset><legend class=\"wpforms-field-label\">Zamierzam uczestniczy\u0107 w: <span class=\"wpforms-required-label\" aria-hidden=\"true\">*<\/span><\/legend><ul id=\"wpforms-132-field_10\" class=\"wpforms-field-required\"><li class=\"choice-1 depth-1\"><input type=\"radio\" id=\"wpforms-132-field_10_1\" name=\"wpforms[fields][10]\" value=\"Cz\u0119\u015bci dziennej\" aria-errormessage=\"wpforms-132-field_10_1-error\" required ><label class=\"wpforms-field-label-inline\" for=\"wpforms-132-field_10_1\">Cz\u0119\u015bci dziennej<\/label><\/li><li class=\"choice-2 depth-1\"><input type=\"radio\" id=\"wpforms-132-field_10_2\" name=\"wpforms[fields][10]\" value=\"Cz\u0119\u015bci nocnej\" aria-errormessage=\"wpforms-132-field_10_2-error\" required ><label class=\"wpforms-field-label-inline\" for=\"wpforms-132-field_10_2\">Cz\u0119\u015bci nocnej<\/label><\/li><li class=\"choice-3 depth-1\"><input type=\"radio\" id=\"wpforms-132-field_10_3\" name=\"wpforms[fields][10]\" value=\"Cz\u0119\u015bci dziennej i nocnej\" aria-errormessage=\"wpforms-132-field_10_3-error\" required ><label class=\"wpforms-field-label-inline\" for=\"wpforms-132-field_10_3\">Cz\u0119\u015bci dziennej i nocnej<\/label><\/li><\/ul><\/fieldset><\/div><div id=\"wpforms-132-field_11-container\" class=\"wpforms-field wpforms-field-checkbox\" data-field-id=\"11\"><fieldset><legend class=\"wpforms-field-label\">Wyra\u017cam zgod\u0119 na przetwarzanie danych osobowych w celu organizacji XII Zjazdu Absolwent\u00f3w i Wychowank\u00f3w Liceum Og\u00f3lnokszta\u0142c\u0105cego, Liceum Handlowego i Technikum w Siemiatyczach <span class=\"wpforms-required-label\" aria-hidden=\"true\">*<\/span><\/legend><ul id=\"wpforms-132-field_11\" class=\"wpforms-field-required\"><li class=\"choice-1 depth-1\"><input type=\"checkbox\" id=\"wpforms-132-field_11_1\" name=\"wpforms[fields][11][]\" value=\"TAK\" aria-errormessage=\"wpforms-132-field_11_1-error\" required ><label class=\"wpforms-field-label-inline\" for=\"wpforms-132-field_11_1\">TAK<\/label><\/li><\/ul><\/fieldset><\/div><div id=\"wpforms-132-field_12-container\" class=\"wpforms-field wpforms-field-textarea\" data-field-id=\"12\"><label class=\"wpforms-field-label\" for=\"wpforms-132-field_12\">Dodatkowe informacje (prosimy o podanie informacji, je\u015bli rezerwuj\u0105 Pa\u0144stwo dodatkowy obiad lub dodatkowe uczestnictwo w balu)<\/label><textarea id=\"wpforms-132-field_12\" class=\"wpforms-field-medium\" name=\"wpforms[fields][12]\" aria-errormessage=\"wpforms-132-field_12-error\" ><\/textarea><\/div><\/div><!-- .wpforms-field-container --><div class=\"wpforms-submit-container\" ><input type=\"hidden\" name=\"wpforms[id]\" value=\"132\"><input type=\"hidden\" name=\"wpforms[author]\" value=\"1\"><button type=\"submit\" name=\"wpforms[submit]\" id=\"wpforms-submit-132\" class=\"wpforms-submit\" data-alt-text=\"Wysy\u0142anie...\" data-submit-text=\"Prze\u015blij\" aria-live=\"assertive\" value=\"wpforms-submit\">Prze\u015blij<\/button><img decoding=\"async\" src=\"http:\/\/zjazd24.lo-siemiatycze.edu.pl\/wp-content\/plugins\/wpforms-lite\/assets\/images\/submit-spin.svg\" class=\"wpforms-submit-spinner\" style=\"display: none;\" width=\"26\" height=\"26\" alt=\"Wczytywanie\"><\/div><\/form><\/div>  <!-- .wpforms-container -->\n","protected":false},"excerpt":{"rendered":"<p>Pola oznaczone * s\u0105 obowi\u0105zkowe.<\/p>\n","protected":false},"author":1,"featured_media":0,"parent":0,"menu_order":0,"comment_status":"closed","ping_status":"closed","template":"","meta":{"site-container-style":"default","site-container-layout":"default","site-sidebar-layout":"default","site-transparent-header":"default","prose-style":"enable","disable-article-header":"default","disable-site-header":"default","disable-site-footer":"default","disable-content-area-spacing":"default","footnotes":""},"class_list":["post-20","page","type-page","status-publish","hentry"],"yoast_head":"<!-- This site is optimized with the Yoast SEO plugin v21.5 - https:\/\/yoast.com\/wordpress\/plugins\/seo\/ -->\n<title>Zarejestruj si\u0119 - XII Zjazd Absolwent\u00f3w i Wychowank\u00f3w Liceum Og\u00f3lnokszta\u0142c\u0105cego, Liceum Handlowego i Technikum w Siemiatyczach<\/title>\n<meta name=\"robots\" content=\"index, follow, max-snippet:-1, max-image-preview:large, max-video-preview:-1\" \/>\n<link rel=\"canonical\" href=\"http:\/\/zjazd24.lo-siemiatycze.edu.pl\/?page_id=20\" \/>\n<meta property=\"og:locale\" content=\"pl_PL\" \/>\n<meta property=\"og:type\" content=\"article\" \/>\n<meta property=\"og:title\" content=\"Zarejestruj si\u0119 - XII Zjazd Absolwent\u00f3w i Wychowank\u00f3w Liceum Og\u00f3lnokszta\u0142c\u0105cego, Liceum Handlowego i Technikum w Siemiatyczach\" \/>\n<meta property=\"og:description\" content=\"Pola oznaczone * s\u0105 obowi\u0105zkowe.\" \/>\n<meta property=\"og:url\" content=\"http:\/\/zjazd24.lo-siemiatycze.edu.pl\/?page_id=20\" \/>\n<meta property=\"og:site_name\" content=\"XII Zjazd Absolwent\u00f3w i Wychowank\u00f3w Liceum Og\u00f3lnokszta\u0142c\u0105cego, Liceum Handlowego i Technikum w Siemiatyczach\" \/>\n<meta property=\"article:modified_time\" content=\"2024-03-07T19:28:40+00:00\" \/>\n<meta name=\"twitter:card\" content=\"summary_large_image\" \/>\n<meta name=\"twitter:label1\" content=\"Szacowany czas czytania\" \/>\n\t<meta name=\"twitter:data1\" content=\"1 minuta\" \/>\n<script type=\"application\/ld+json\" class=\"yoast-schema-graph\">{\"@context\":\"https:\/\/schema.org\",\"@graph\":[{\"@type\":\"WebPage\",\"@id\":\"http:\/\/zjazd24.lo-siemiatycze.edu.pl\/?page_id=20\",\"url\":\"http:\/\/zjazd24.lo-siemiatycze.edu.pl\/?page_id=20\",\"name\":\"Zarejestruj si\u0119 - XII Zjazd Absolwent\u00f3w i Wychowank\u00f3w Liceum Og\u00f3lnokszta\u0142c\u0105cego, Liceum Handlowego i Technikum w Siemiatyczach\",\"isPartOf\":{\"@id\":\"http:\/\/zjazd24.lo-siemiatycze.edu.pl\/#website\"},\"datePublished\":\"2024-02-18T11:52:14+00:00\",\"dateModified\":\"2024-03-07T19:28:40+00:00\",\"breadcrumb\":{\"@id\":\"http:\/\/zjazd24.lo-siemiatycze.edu.pl\/?page_id=20#breadcrumb\"},\"inLanguage\":\"pl-PL\",\"potentialAction\":[{\"@type\":\"ReadAction\",\"target\":[\"http:\/\/zjazd24.lo-siemiatycze.edu.pl\/?page_id=20\"]}]},{\"@type\":\"BreadcrumbList\",\"@id\":\"http:\/\/zjazd24.lo-siemiatycze.edu.pl\/?page_id=20#breadcrumb\",\"itemListElement\":[{\"@type\":\"ListItem\",\"position\":1,\"name\":\"Home\",\"item\":\"http:\/\/zjazd24.lo-siemiatycze.edu.pl\/\"},{\"@type\":\"ListItem\",\"position\":2,\"name\":\"Zarejestruj si\u0119\"}]},{\"@type\":\"WebSite\",\"@id\":\"http:\/\/zjazd24.lo-siemiatycze.edu.pl\/#website\",\"url\":\"http:\/\/zjazd24.lo-siemiatycze.edu.pl\/\",\"name\":\"XII Zjazd Absolwent\u00f3w i Wychowank\u00f3w Liceum Og\u00f3lnokszta\u0142c\u0105cego, Liceum Handlowego i Technikum w Siemiatyczach\",\"description\":\"\",\"potentialAction\":[{\"@type\":\"SearchAction\",\"target\":{\"@type\":\"EntryPoint\",\"urlTemplate\":\"http:\/\/zjazd24.lo-siemiatycze.edu.pl\/?s={search_term_string}\"},\"query-input\":\"required name=search_term_string\"}],\"inLanguage\":\"pl-PL\"}]}<\/script>\n<!-- \/ Yoast SEO plugin. -->","yoast_head_json":{"title":"Zarejestruj si\u0119 - XII Zjazd Absolwent\u00f3w i Wychowank\u00f3w Liceum Og\u00f3lnokszta\u0142c\u0105cego, Liceum Handlowego i Technikum w Siemiatyczach","robots":{"index":"index","follow":"follow","max-snippet":"max-snippet:-1","max-image-preview":"max-image-preview:large","max-video-preview":"max-video-preview:-1"},"canonical":"http:\/\/zjazd24.lo-siemiatycze.edu.pl\/?page_id=20","og_locale":"pl_PL","og_type":"article","og_title":"Zarejestruj si\u0119 - XII Zjazd Absolwent\u00f3w i Wychowank\u00f3w Liceum Og\u00f3lnokszta\u0142c\u0105cego, Liceum Handlowego i Technikum w Siemiatyczach","og_description":"Pola oznaczone * s\u0105 obowi\u0105zkowe.","og_url":"http:\/\/zjazd24.lo-siemiatycze.edu.pl\/?page_id=20","og_site_name":"XII Zjazd Absolwent\u00f3w i Wychowank\u00f3w Liceum Og\u00f3lnokszta\u0142c\u0105cego, Liceum Handlowego i Technikum w Siemiatyczach","article_modified_time":"2024-03-07T19:28:40+00:00","twitter_card":"summary_large_image","twitter_misc":{"Szacowany czas czytania":"1 minuta"},"schema":{"@context":"https:\/\/schema.org","@graph":[{"@type":"WebPage","@id":"http:\/\/zjazd24.lo-siemiatycze.edu.pl\/?page_id=20","url":"http:\/\/zjazd24.lo-siemiatycze.edu.pl\/?page_id=20","name":"Zarejestruj si\u0119 - XII Zjazd Absolwent\u00f3w i Wychowank\u00f3w Liceum Og\u00f3lnokszta\u0142c\u0105cego, Liceum Handlowego i Technikum w Siemiatyczach","isPartOf":{"@id":"http:\/\/zjazd24.lo-siemiatycze.edu.pl\/#website"},"datePublished":"2024-02-18T11:52:14+00:00","dateModified":"2024-03-07T19:28:40+00:00","breadcrumb":{"@id":"http:\/\/zjazd24.lo-siemiatycze.edu.pl\/?page_id=20#breadcrumb"},"inLanguage":"pl-PL","potentialAction":[{"@type":"ReadAction","target":["http:\/\/zjazd24.lo-siemiatycze.edu.pl\/?page_id=20"]}]},{"@type":"BreadcrumbList","@id":"http:\/\/zjazd24.lo-siemiatycze.edu.pl\/?page_id=20#breadcrumb","itemListElement":[{"@type":"ListItem","position":1,"name":"Home","item":"http:\/\/zjazd24.lo-siemiatycze.edu.pl\/"},{"@type":"ListItem","position":2,"name":"Zarejestruj si\u0119"}]},{"@type":"WebSite","@id":"http:\/\/zjazd24.lo-siemiatycze.edu.pl\/#website","url":"http:\/\/zjazd24.lo-siemiatycze.edu.pl\/","name":"XII Zjazd Absolwent\u00f3w i Wychowank\u00f3w Liceum Og\u00f3lnokszta\u0142c\u0105cego, Liceum Handlowego i Technikum w Siemiatyczach","description":"","potentialAction":[{"@type":"SearchAction","target":{"@type":"EntryPoint","urlTemplate":"http:\/\/zjazd24.lo-siemiatycze.edu.pl\/?s={search_term_string}"},"query-input":"required name=search_term_string"}],"inLanguage":"pl-PL"}]}},"_links":{"self":[{"href":"http:\/\/zjazd24.lo-siemiatycze.edu.pl\/index.php?rest_route=\/wp\/v2\/pages\/20","targetHints":{"allow":["GET"]}}],"collection":[{"href":"http:\/\/zjazd24.lo-siemiatycze.edu.pl\/index.php?rest_route=\/wp\/v2\/pages"}],"about":[{"href":"http:\/\/zjazd24.lo-siemiatycze.edu.pl\/index.php?rest_route=\/wp\/v2\/types\/page"}],"author":[{"embeddable":true,"href":"http:\/\/zjazd24.lo-siemiatycze.edu.pl\/index.php?rest_route=\/wp\/v2\/users\/1"}],"replies":[{"embeddable":true,"href":"http:\/\/zjazd24.lo-siemiatycze.edu.pl\/index.php?rest_route=%2Fwp%2Fv2%2Fcomments&post=20"}],"version-history":[{"count":5,"href":"http:\/\/zjazd24.lo-siemiatycze.edu.pl\/index.php?rest_route=\/wp\/v2\/pages\/20\/revisions"}],"predecessor-version":[{"id":242,"href":"http:\/\/zjazd24.lo-siemiatycze.edu.pl\/index.php?rest_route=\/wp\/v2\/pages\/20\/revisions\/242"}],"wp:attachment":[{"href":"http:\/\/zjazd24.lo-siemiatycze.edu.pl\/index.php?rest_route=%2Fwp%2Fv2%2Fmedia&parent=20"}],"curies":[{"name":"wp","href":"https:\/\/api.w.org\/{rel}","templated":true}]}}